{"id":9145,"date":"2023-09-01T11:52:47","date_gmt":"2023-09-01T08:52:47","guid":{"rendered":"https:\/\/meridyenfair.com\/yeni\/?page_id=9145"},"modified":"2023-09-22T13:20:41","modified_gmt":"2023-09-22T10:20:41","slug":"turizm-hizmeti","status":"publish","type":"page","link":"https:\/\/meridyenfair.com\/tr\/turizm-hizmeti\/","title":{"rendered":"Turizm Hizmeti"},"content":{"rendered":"\t\t<div data-elementor-type=\"wp-page\" data-elementor-id=\"9145\" class=\"elementor elementor-9145\">\n\t\t\t\t\t\t\t\t\t<section class=\"elementor-section elementor-top-section elementor-element elementor-element-1fde119 elementor-section-boxed elementor-section-height-default elementor-section-height-default wd-section-disabled\" data-id=\"1fde119\" data-element_type=\"section\">\n\t\t\t\t\t\t<div class=\"elementor-container elementor-column-gap-default\">\n\t\t\t\t\t<div class=\"elementor-column elementor-col-100 elementor-top-column elementor-element elementor-element-1e51102\" data-id=\"1e51102\" data-element_type=\"column\">\n\t\t\t<div class=\"elementor-widget-wrap elementor-element-populated\">\n\t\t\t\t\t\t\t\t<div class=\"elementor-element elementor-element-081fb51 elementor-widget elementor-widget-wd_title\" data-id=\"081fb51\" data-element_type=\"widget\" data-widget_type=\"wd_title.default\">\n\t\t\t\t<div class=\"elementor-widget-container\">\n\t\t\t\t\t\t<link rel=\"stylesheet\" id=\"wd-section-title-css\" href=\"https:\/\/meridyenfair.com\/wp-content\/themes\/woodmart\/css\/parts\/el-section-title.min.css?ver=6.2.3\" type=\"text\/css\" media=\"all\" \/> \t\t\t\t\t<div class=\"title-wrapper set-mb-s reset-last-child wd-title-color-default wd-title-style-default wd-title-size-default text-center\">\n\n\t\t\t\n\t\t\t<div class=\"liner-continer\">\n\t\t\t\t<h4 class=\"woodmart-title-container title wd-fontsize-l\">\u201cFuar Turizm Program\u0131\u201dndan yararlanabilirsiniz...<\/h4> \n\t\t\t\t\t\t\t<\/div>\n\n\t\t\t\t\t\t\t<div class=\"title-after_title set-cont-mb-s reset-last-child wd-fontsize-xs\">\n\t\t\t\t\t<p>Yurtd\u0131\u015f\u0131nda ger\u00e7ekle\u015fen fuarlara kat\u0131lacak firmalar ve temsilcileri, arzu ettikleri taktirde <strong>MER\u0130DYEN TUR\u0130ST\u0130K H\u0130ZMETLER SAN. ve T\u0130C. LTD. \u015eT\u0130.<\/strong> b\u00fcnyesinde faaliyet g\u00f6steren<strong> TOUR CENTRE TRAVEL SEYAHAT ACENTASI<\/strong> taraf\u0131ndan titizlikle organize edilen, \u201cFuar Turizm Program\u0131\u201dndan yararlanabilirler.<br \/><br \/>Ger\u00e7ekle\u015fecek fuara ba\u011fl\u0131 olarak sunulacak turizm program\u0131 kat\u0131l\u0131mc\u0131lara ayr\u0131ca duyurulur. Rezervasyon i\u00e7in, firmaya g\u00f6nderilmi\u015f olan turizm program\u0131 bilgi formunun son bildirim tarihine kadar eksiksiz doldurularak geri g\u00f6nderilmesi gerekmektedir. Turizm program\u0131nda belirtilen fiyatlar paket fiyatlar\u0131 olup, farkl\u0131 tarih aral\u0131klar\u0131na ba\u011fl\u0131 olarak de\u011fi\u015fiklik g\u00f6sterebilir. Turizm program\u0131 \u00e7al\u0131\u015fmalar\u0131, fuar tarihinden 1,5 ay \u00f6nce ba\u015flat\u0131l\u0131r ve 15 g\u00fcn \u00f6nce tamamlan\u0131r.<\/p>\t\t\t\t<\/div>\n\t\t\t\t\t<\/div>\n\t\t\t\t<\/div>\n\t\t\t\t<\/div>\n\t\t\t\t\t<\/div>\n\t\t<\/div>\n\t\t\t\t\t\t\t<\/div>\n\t\t<\/section>\n\t\t\t\t<section class=\"elementor-section elementor-top-section elementor-element elementor-element-3f8fd5c elementor-section-boxed elementor-section-height-default elementor-section-height-default wd-section-disabled\" data-id=\"3f8fd5c\" data-element_type=\"section\">\n\t\t\t\t\t\t<div class=\"elementor-container elementor-column-gap-default\">\n\t\t\t\t\t<div class=\"elementor-column elementor-col-20 elementor-top-column elementor-element elementor-element-911ed6d\" data-id=\"911ed6d\" data-element_type=\"column\">\n\t\t\t<div class=\"elementor-widget-wrap elementor-element-populated\">\n\t\t\t\t\t\t\t\t<div class=\"elementor-element elementor-element-24d06fe elementor-widget elementor-widget-wd_team_member\" data-id=\"24d06fe\" data-element_type=\"widget\" data-widget_type=\"wd_team_member.default\">\n\t\t\t\t<div class=\"elementor-widget-container\">\n\t\t\t\t\t\t<link rel=\"stylesheet\" id=\"wd-social-icons-css\" href=\"https:\/\/meridyenfair.com\/wp-content\/themes\/woodmart\/css\/parts\/el-social-icons.min.css?ver=6.2.3\" type=\"text\/css\" media=\"all\" \/> \t\t\t\t\t\t<link rel=\"stylesheet\" id=\"wd-team-member-css\" href=\"https:\/\/meridyenfair.com\/wp-content\/themes\/woodmart\/css\/parts\/el-team-member.min.css?ver=6.2.3\" type=\"text\/css\" media=\"all\" \/> \t\t\t\t\t<div class=\"team-member member-layout-default text-left\">\n\t\t\t\t\t\t\t<div class=\"member-image-wrapper\">\n\t\t\t\t\t<div class=\"member-image\">\n\t\t\t\t\t\t<img loading=\"lazy\" decoding=\"async\" width=\"400\" height=\"300\" src=\"https:\/\/meridyenfair.com\/wp-content\/uploads\/2023\/09\/ucak-ile-ulasim.jpg\" class=\"attachment-full size-full wp-image-10664\" alt=\"\" \/>\t\t\t\t\t<\/div>\n\t\t\t\t<\/div>\n\t\t\t\n\t\t\t<div class=\"member-details\">\n\t\t\t\t\t\t\t\t\t<h4 class=\"member-name\">\n\t\t\t\t\t\tU\u00e7ak ile Ula\u015f\u0131m\t\t\t\t\t<\/h4>\n\t\t\t\t\n\t\t\t\t\n\t\t\t\t\t\t\t\t\t<div class=\"member-bio\">\n\t\t\t\t\t\t<p>Fuar tarihleri \u00e7er\u00e7evesinde (fuar ba\u015flang\u0131c\u0131nda 2 g\u00fcn \u00f6nce ve fuar biti\u015finden 1 g\u00fcn sonra), m\u00fcmk\u00fcn oldu\u011fu kadar tarifeli THY (T\u00fcrk Hava Yollar\u0131) ve\/veya gidilecek \u00fclkenin milli havayolu tercih edilmektedir.<\/p>\t\t\t\t\t<\/div>\n\t\t\t\t\n\t\t\t\t\t\t\t<\/div>\n\t\t<\/div>\n\t\t\t\t<\/div>\n\t\t\t\t<\/div>\n\t\t\t\t\t<\/div>\n\t\t<\/div>\n\t\t\t\t<div class=\"elementor-column elementor-col-20 elementor-top-column elementor-element elementor-element-3b93401\" data-id=\"3b93401\" data-element_type=\"column\">\n\t\t\t<div class=\"elementor-widget-wrap elementor-element-populated\">\n\t\t\t\t\t\t\t\t<div class=\"elementor-element elementor-element-454e93b elementor-widget elementor-widget-wd_team_member\" data-id=\"454e93b\" data-element_type=\"widget\" data-widget_type=\"wd_team_member.default\">\n\t\t\t\t<div class=\"elementor-widget-container\">\n\t\t\t\t\t<div class=\"team-member member-layout-default text-left\">\n\t\t\t\t\t\t\t<div class=\"member-image-wrapper\">\n\t\t\t\t\t<div class=\"member-image\">\n\t\t\t\t\t\t<img loading=\"lazy\" decoding=\"async\" width=\"400\" height=\"300\" src=\"https:\/\/meridyenfair.com\/wp-content\/uploads\/2023\/09\/otel-konaklama.jpg\" class=\"attachment-full size-full wp-image-10668\" alt=\"\" \/>\t\t\t\t\t<\/div>\n\t\t\t\t<\/div>\n\t\t\t\n\t\t\t<div class=\"member-details\">\n\t\t\t\t\t\t\t\t\t<h4 class=\"member-name\">\n\t\t\t\t\t\tOtel Konaklamas\u0131\t\t\t\t\t<\/h4>\n\t\t\t\t\n\t\t\t\t\n\t\t\t\t\t\t\t\t\t<div class=\"member-bio\">\n\t\t\t\t\t\t<p>Gidilecek \u00fclke ve \u015fehir \u00f6zellikleri g\u00f6z \u00f6n\u00fcnde bulundurularak, uluslararas\u0131 zincir oteller ve\/veya bilinen ve denenmi\u015f otel i\u015fletmeleri ile \u00e7al\u0131\u015f\u0131lmaktad\u0131r.<\/p>\t\t\t\t\t<\/div>\n\t\t\t\t\n\t\t\t\t\t\t\t<\/div>\n\t\t<\/div>\n\t\t\t\t<\/div>\n\t\t\t\t<\/div>\n\t\t\t\t\t<\/div>\n\t\t<\/div>\n\t\t\t\t<div class=\"elementor-column elementor-col-20 elementor-top-column elementor-element elementor-element-6ab5598\" data-id=\"6ab5598\" data-element_type=\"column\">\n\t\t\t<div class=\"elementor-widget-wrap elementor-element-populated\">\n\t\t\t\t\t\t\t\t<div class=\"elementor-element elementor-element-f0fb2f0 elementor-widget elementor-widget-wd_team_member\" data-id=\"f0fb2f0\" data-element_type=\"widget\" data-widget_type=\"wd_team_member.default\">\n\t\t\t\t<div class=\"elementor-widget-container\">\n\t\t\t\t\t<div class=\"team-member member-layout-default text-left\">\n\t\t\t\t\t\t\t<div class=\"member-image-wrapper\">\n\t\t\t\t\t<div class=\"member-image\">\n\t\t\t\t\t\t<img loading=\"lazy\" decoding=\"async\" width=\"400\" height=\"300\" src=\"https:\/\/meridyenfair.com\/wp-content\/uploads\/2023\/09\/transfer.jpg\" class=\"attachment-full size-full wp-image-10672\" alt=\"\" \/>\t\t\t\t\t<\/div>\n\t\t\t\t<\/div>\n\t\t\t\n\t\t\t<div class=\"member-details\">\n\t\t\t\t\t\t\t\t\t<h4 class=\"member-name\">\n\t\t\t\t\t\tHavaliman\u0131-Otel &amp; Otel-Havaliman\u0131 Transferleri\t\t\t\t\t<\/h4>\n\t\t\t\t\n\t\t\t\t\n\t\t\t\t\t\t\t\t\t<div class=\"member-bio\">\n\t\t\t\t\t\t<p>Gidilecek \u015fehre var\u0131\u015f\u0131 takiben ve d\u00f6n\u00fc\u015fte, ula\u015f\u0131m\u0131n rahat ve konforlu olmas\u0131 amac\u0131yla ger\u00e7ekle\u015ftirilmektedir.<\/p>\t\t\t\t\t<\/div>\n\t\t\t\t\n\t\t\t\t\t\t\t<\/div>\n\t\t<\/div>\n\t\t\t\t<\/div>\n\t\t\t\t<\/div>\n\t\t\t\t\t<\/div>\n\t\t<\/div>\n\t\t\t\t<div class=\"elementor-column elementor-col-20 elementor-top-column elementor-element elementor-element-eca6f02\" data-id=\"eca6f02\" data-element_type=\"column\">\n\t\t\t<div class=\"elementor-widget-wrap elementor-element-populated\">\n\t\t\t\t\t\t\t\t<div class=\"elementor-element elementor-element-d3496dd elementor-widget elementor-widget-wd_team_member\" data-id=\"d3496dd\" data-element_type=\"widget\" data-widget_type=\"wd_team_member.default\">\n\t\t\t\t<div class=\"elementor-widget-container\">\n\t\t\t\t\t<div class=\"team-member member-layout-default text-left\">\n\t\t\t\t\t\t\t<div class=\"member-image-wrapper\">\n\t\t\t\t\t<div class=\"member-image\">\n\t\t\t\t\t\t<img loading=\"lazy\" decoding=\"async\" width=\"400\" height=\"300\" src=\"https:\/\/meridyenfair.com\/wp-content\/uploads\/2023\/09\/fuar-transfer.jpg\" class=\"attachment-full size-full wp-image-10676\" alt=\"\" \/>\t\t\t\t\t<\/div>\n\t\t\t\t<\/div>\n\t\t\t\n\t\t\t<div class=\"member-details\">\n\t\t\t\t\t\t\t\t\t<h4 class=\"member-name\">\n\t\t\t\t\t\tOtel-Fuar Alan\u0131 &amp; Fuar Alan\u0131-Otel Transferleri\t\t\t\t\t<\/h4>\n\t\t\t\t\n\t\t\t\t\n\t\t\t\t\t\t\t\t\t<div class=\"member-bio\">\n\t\t\t\t\t\t<p>Fuar alan\u0131n\u0131n konaklan\u0131lacak oteleuzakl\u0131\u011f\u0131 g\u00f6z \u00f6n\u00fcnde bulundurularak ger\u00e7ekle\u015ftirilir, ula\u015f\u0131m\u0131n rahat, konforlu ve k\u0131sas\u00fcrede yap\u0131lmas\u0131na \u00f6zen g\u00f6sterilir.<\/p>\t\t\t\t\t<\/div>\n\t\t\t\t\n\t\t\t\t\t\t\t<\/div>\n\t\t<\/div>\n\t\t\t\t<\/div>\n\t\t\t\t<\/div>\n\t\t\t\t\t<\/div>\n\t\t<\/div>\n\t\t\t\t<div class=\"elementor-column elementor-col-20 elementor-top-column elementor-element elementor-element-ec8076e\" data-id=\"ec8076e\" data-element_type=\"column\">\n\t\t\t<div class=\"elementor-widget-wrap elementor-element-populated\">\n\t\t\t\t\t\t\t\t<div class=\"elementor-element elementor-element-c743dca elementor-widget elementor-widget-wd_team_member\" data-id=\"c743dca\" data-element_type=\"widget\" data-widget_type=\"wd_team_member.default\">\n\t\t\t\t<div class=\"elementor-widget-container\">\n\t\t\t\t\t<div class=\"team-member member-layout-default text-left\">\n\t\t\t\t\t\t\t<div class=\"member-image-wrapper\">\n\t\t\t\t\t<div class=\"member-image\">\n\t\t\t\t\t\t<img loading=\"lazy\" decoding=\"async\" width=\"400\" height=\"300\" src=\"https:\/\/meridyenfair.com\/wp-content\/uploads\/2023\/09\/vize.jpg\" class=\"attachment-full size-full wp-image-10683\" alt=\"\" \/>\t\t\t\t\t<\/div>\n\t\t\t\t<\/div>\n\t\t\t\n\t\t\t<div class=\"member-details\">\n\t\t\t\t\t\t\t\t\t<h4 class=\"member-name\">\n\t\t\t\t\t\tVize\t\t\t\t\t<\/h4>\n\t\t\t\t\n\t\t\t\t\n\t\t\t\t\t\t\t\t\t<div class=\"member-bio\">\n\t\t\t\t\t\t<p>Gidilecek \u00fclkelerin y\u00fcr\u00fcrl\u00fckte olan vize kurallar\u0131 gere\u011fi, vize al\u0131m\u0131nda arac\u0131l\u0131k hizmeti verilmektedir.<\/p>\t\t\t\t\t<\/div>\n\t\t\t\t\n\t\t\t\t\t\t\t<\/div>\n\t\t<\/div>\n\t\t\t\t<\/div>\n\t\t\t\t<\/div>\n\t\t\t\t\t<\/div>\n\t\t<\/div>\n\t\t\t\t\t\t\t<\/div>\n\t\t<\/section>\n\t\t\t\t\t\t\t<\/div>\n\t\t","protected":false},"excerpt":{"rendered":"<p>\u201cFuar Turizm Program\u0131\u201dndan yararlanabilirsiniz&#8230; Yurtd\u0131\u015f\u0131nda ger\u00e7ekle\u015fen fuarlara kat\u0131lacak firmalar ve temsilcileri, arzu ettikleri taktirde MER\u0130DYEN TUR\u0130ST\u0130K H\u0130ZMETLER SAN. ve T\u0130C.<\/p>\n","protected":false},"author":1,"featured_media":0,"parent":0,"menu_order":0,"comment_status":"closed","ping_status":"closed","template":"elementor_header_footer","meta":{"footnotes":""},"aioseo_notices":[],"_links":{"self":[{"href":"https:\/\/meridyenfair.com\/tr\/wp-json\/wp\/v2\/pages\/9145"}],"collection":[{"href":"https:\/\/meridyenfair.com\/tr\/wp-json\/wp\/v2\/pages"}],"about":[{"href":"https:\/\/meridyenfair.com\/tr\/wp-json\/wp\/v2\/types\/page"}],"author":[{"embeddable":true,"href":"https:\/\/meridyenfair.com\/tr\/wp-json\/wp\/v2\/users\/1"}],"replies":[{"embeddable":true,"href":"https:\/\/meridyenfair.com\/tr\/wp-json\/wp\/v2\/comments?post=9145"}],"version-history":[{"count":43,"href":"https:\/\/meridyenfair.com\/tr\/wp-json\/wp\/v2\/pages\/9145\/revisions"}],"predecessor-version":[{"id":10686,"href":"https:\/\/meridyenfair.com\/tr\/wp-json\/wp\/v2\/pages\/9145\/revisions\/10686"}],"wp:attachment":[{"href":"https:\/\/meridyenfair.com\/tr\/wp-json\/wp\/v2\/media?parent=9145"}],"curies":[{"name":"wp","href":"https:\/\/api.w.org\/{rel}","templated":true}]}}