{"id":9077,"date":"2023-08-31T11:03:55","date_gmt":"2023-08-31T08:03:55","guid":{"rendered":"https:\/\/meridyenfair.com\/yeni\/?page_id=9077"},"modified":"2023-10-30T14:26:57","modified_gmt":"2023-10-30T11:26:57","slug":"proje-hizmeti","status":"publish","type":"page","link":"https:\/\/meridyenfair.com\/tr\/proje-hizmeti\/","title":{"rendered":"Proje Hizmeti"},"content":{"rendered":"\t\t<div data-elementor-type=\"wp-page\" data-elementor-id=\"9077\" class=\"elementor elementor-9077\">\n\t\t\t\t\t\t\t\t\t<section class=\"elementor-section elementor-top-section elementor-element elementor-element-2bdb9bb elementor-section-boxed elementor-section-height-default elementor-section-height-default wd-section-disabled\" data-id=\"2bdb9bb\" data-element_type=\"section\">\n\t\t\t\t\t\t<div class=\"elementor-container elementor-column-gap-default\">\n\t\t\t\t\t<div class=\"elementor-column elementor-col-33 elementor-top-column elementor-element elementor-element-5ff9285\" data-id=\"5ff9285\" data-element_type=\"column\">\n\t\t\t<div class=\"elementor-widget-wrap elementor-element-populated\">\n\t\t\t\t\t\t\t\t<div class=\"elementor-element elementor-element-d3021cf elementor-widget elementor-widget-image\" data-id=\"d3021cf\" data-element_type=\"widget\" data-widget_type=\"image.default\">\n\t\t\t\t<div class=\"elementor-widget-container\">\n\t\t\t\t\t\t\t\t\t\t\t\t\t\t\t<img loading=\"lazy\" decoding=\"async\" width=\"1000\" height=\"750\" src=\"https:\/\/meridyenfair.com\/wp-content\/uploads\/2023\/09\/stant.jpg\" class=\"attachment-large size-large wp-image-9116\" alt=\"\" srcset=\"https:\/\/meridyenfair.com\/wp-content\/uploads\/2023\/09\/stant.jpg 1000w, https:\/\/meridyenfair.com\/wp-content\/uploads\/2023\/09\/stant-400x300.jpg 400w, https:\/\/meridyenfair.com\/wp-content\/uploads\/2023\/09\/stant-768x576.jpg 768w, https:\/\/meridyenfair.com\/wp-content\/uploads\/2023\/09\/stant-16x12.jpg 16w, https:\/\/meridyenfair.com\/wp-content\/uploads\/2023\/09\/stant-280x210.jpg 280w\" sizes=\"(max-width: 1000px) 100vw, 1000px\" \/>\t\t\t\t\t\t\t\t\t\t\t\t\t\t\t<\/div>\n\t\t\t\t<\/div>\n\t\t\t\t\t<\/div>\n\t\t<\/div>\n\t\t\t\t<div class=\"elementor-column elementor-col-66 elementor-top-column elementor-element elementor-element-d3e7a3c\" data-id=\"d3e7a3c\" data-element_type=\"column\">\n\t\t\t<div class=\"elementor-widget-wrap elementor-element-populated\">\n\t\t\t\t\t\t\t\t<div class=\"elementor-element elementor-element-cc20df0 elementor-widget elementor-widget-wd_title\" data-id=\"cc20df0\" data-element_type=\"widget\" data-widget_type=\"wd_title.default\">\n\t\t\t\t<div class=\"elementor-widget-container\">\n\t\t\t\t\t\t<link rel=\"stylesheet\" id=\"wd-section-title-css\" href=\"https:\/\/meridyenfair.com\/wp-content\/themes\/woodmart\/css\/parts\/el-section-title.min.css?ver=6.2.3\" type=\"text\/css\" media=\"all\" \/> \t\t\t\t\t<div class=\"title-wrapper set-mb-s reset-last-child wd-title-color-default wd-title-style-default wd-title-size-default text-left\">\n\n\t\t\t\n\t\t\t<div class=\"liner-continer\">\n\t\t\t\t<h4 class=\"woodmart-title-container title wd-fontsize-l\">1. STAND SERV\u0130S\u0130<\/h4> \n\t\t\t\t\t\t\t<\/div>\n\n\t\t\t\t\t\t\t<div class=\"title-after_title set-cont-mb-s reset-last-child wd-fontsize-xs\">\n\t\t\t\t\t<p>Kat\u0131l\u0131mc\u0131n\u0131n stant tasar\u0131m\u0131 i\u00e7in iki alternatifi vard\u0131r.<br><br><strong>a) \u00d6zel Alan:<\/strong>&nbsp;Kendi stand\u0131n\u0131 tasarlamay\u0131 tercih eden kat\u0131l\u0131mc\u0131 i\u00e7in bu se\u00e7enektir. Gerekli alan \u00e7izilir ve firma dekorat\u00f6r\u00fcne verilir. Her fuar i\u00e7in metrekare birim fiyat\u0131 farkl\u0131l\u0131k g\u00f6stermektedir.<br><br><strong>b) Standart Stand Yap\u0131s\u0131:<\/strong>&nbsp;Kat\u0131l\u0131mc\u0131 stand\u0131 istedi\u011fi kadar b\u00fcy\u00fctebilir. Kat\u0131l\u0131mc\u0131 firma, Standart Stand fiyat\u0131na dahil olan masa, sandalye, spot, hal\u0131, \u00e7\u00f6p kutusu, stand temizli\u011fi gibi ekstra malzeme olarak talep ettiklerini ekstra malzeme listesinden se\u00e7im yaparak belirtilen tarihe kadar Meridyen Fuarc\u0131l\u0131k'a iletmektedir. Standart Stant Yap\u0131m \u00dccretine 'Ekstra Malzemeler' dahil de\u011fildir. Stand tasar\u0131m\u0131, Meridyen Fuar\u0131 ve kat\u0131l\u0131mc\u0131n\u0131n ortak \u00e7al\u0131\u015fmalar\u0131 sonucunda \u015fekilleniyor. Kat\u0131l\u0131mc\u0131n\u0131n talebi do\u011frultusunda stant \u00e7izilip haz\u0131r hale getirildikten sonra; \u015firket y\u00f6neticilerinin onay\u0131na sunulur. Son halini alan stand tasar\u0131m\u0131 fuar merkezine teslim edilir. \u00d6n pano ad\u0131n\u0131n fuar merkezi taraf\u0131ndan belirlenen standartlara uygun olmas\u0131 zorunludur.<\/p>\t\t\t\t<\/div>\n\t\t\t\t\t<\/div>\n\t\t\t\t<\/div>\n\t\t\t\t<\/div>\n\t\t\t\t\t<\/div>\n\t\t<\/div>\n\t\t\t\t\t\t\t<\/div>\n\t\t<\/section>\n\t\t\t\t<section class=\"elementor-section elementor-top-section elementor-element elementor-element-9b2dc0d elementor-section-boxed elementor-section-height-default elementor-section-height-default wd-section-disabled\" data-id=\"9b2dc0d\" data-element_type=\"section\">\n\t\t\t\t\t\t<div class=\"elementor-container elementor-column-gap-default\">\n\t\t\t\t\t<div class=\"elementor-column elementor-col-33 elementor-top-column elementor-element elementor-element-d857ae6\" data-id=\"d857ae6\" data-element_type=\"column\">\n\t\t\t<div class=\"elementor-widget-wrap elementor-element-populated\">\n\t\t\t\t\t\t\t\t<div class=\"elementor-element elementor-element-cbdfa2f elementor-widget elementor-widget-image\" data-id=\"cbdfa2f\" data-element_type=\"widget\" data-widget_type=\"image.default\">\n\t\t\t\t<div class=\"elementor-widget-container\">\n\t\t\t\t\t\t\t\t\t\t\t\t\t\t\t<img loading=\"lazy\" decoding=\"async\" width=\"1000\" height=\"700\" src=\"https:\/\/meridyenfair.com\/wp-content\/uploads\/2023\/09\/IRAK-ENERJI.jpg\" class=\"attachment-large size-large wp-image-9137\" alt=\"\" srcset=\"https:\/\/meridyenfair.com\/wp-content\/uploads\/2023\/09\/IRAK-ENERJI.jpg 1000w, https:\/\/meridyenfair.com\/wp-content\/uploads\/2023\/09\/IRAK-ENERJI-400x280.jpg 400w, https:\/\/meridyenfair.com\/wp-content\/uploads\/2023\/09\/IRAK-ENERJI-768x538.jpg 768w, https:\/\/meridyenfair.com\/wp-content\/uploads\/2023\/09\/IRAK-ENERJI-18x12.jpg 18w, https:\/\/meridyenfair.com\/wp-content\/uploads\/2023\/09\/IRAK-ENERJI-280x196.jpg 280w\" sizes=\"(max-width: 1000px) 100vw, 1000px\" \/>\t\t\t\t\t\t\t\t\t\t\t\t\t\t\t<\/div>\n\t\t\t\t<\/div>\n\t\t\t\t\t<\/div>\n\t\t<\/div>\n\t\t\t\t<div class=\"elementor-column elementor-col-66 elementor-top-column elementor-element elementor-element-5ef5dc3\" data-id=\"5ef5dc3\" data-element_type=\"column\">\n\t\t\t<div class=\"elementor-widget-wrap elementor-element-populated\">\n\t\t\t\t\t\t\t\t<div class=\"elementor-element elementor-element-ec74d8d elementor-widget elementor-widget-wd_title\" data-id=\"ec74d8d\" data-element_type=\"widget\" data-widget_type=\"wd_title.default\">\n\t\t\t\t<div class=\"elementor-widget-container\">\n\t\t\t\t\t<div class=\"title-wrapper set-mb-s reset-last-child wd-title-color-default wd-title-style-default wd-title-size-default text-left\">\n\n\t\t\t\n\t\t\t<div class=\"liner-continer\">\n\t\t\t\t<h4 class=\"woodmart-title-container title wd-fontsize-l\">2. DEVLET DESTEK H\u0130ZMET\u0130<\/h4> \n\t\t\t\t\t\t\t<\/div>\n\n\t\t\t\t\t\t\t<div class=\"title-after_title set-cont-mb-s reset-last-child wd-fontsize-xs\">\n\t\t\t\t\t<p>Meridyen, kat\u0131l\u0131mc\u0131 firman\u0131n devlet deste\u011fi ile ilgili gerekli belgeleri ve di\u011fer detaylar\u0131 fuar\u0131n ba\u015flang\u0131\u00e7 tarihinden 30 g\u00fcn \u00f6nce t\u00fcm kat\u0131l\u0131mc\u0131lara bildirir. Meridyen, fuar\u0131n biti\u015f tarihini m\u00fcteakip t\u00fcm kat\u0131l\u0131mc\u0131lar\u0131n ba\u015fvurular\u0131n\u0131 daha \u00f6nce haz\u0131rlay\u0131p g\u00f6nderdikleri belgeleri de ekleyerek takip etmekte ve sonu\u00e7land\u0131rmaktad\u0131r.<\/p>\t\t\t\t<\/div>\n\t\t\t\t\t<\/div>\n\t\t\t\t<\/div>\n\t\t\t\t<\/div>\n\t\t\t\t\t<\/div>\n\t\t<\/div>\n\t\t\t\t\t\t\t<\/div>\n\t\t<\/section>\n\t\t\t\t<section class=\"elementor-section elementor-top-section elementor-element elementor-element-e2f876f elementor-section-boxed elementor-section-height-default elementor-section-height-default wd-section-disabled\" data-id=\"e2f876f\" data-element_type=\"section\">\n\t\t\t\t\t\t<div class=\"elementor-container elementor-column-gap-default\">\n\t\t\t\t\t<div class=\"elementor-column elementor-col-33 elementor-top-column elementor-element elementor-element-ddd334f\" data-id=\"ddd334f\" data-element_type=\"column\">\n\t\t\t<div class=\"elementor-widget-wrap elementor-element-populated\">\n\t\t\t\t\t\t\t\t<div class=\"elementor-element elementor-element-cb2c2be elementor-widget elementor-widget-image\" data-id=\"cb2c2be\" data-element_type=\"widget\" data-widget_type=\"image.default\">\n\t\t\t\t<div class=\"elementor-widget-container\">\n\t\t\t\t\t\t\t\t\t\t\t\t\t\t\t<img loading=\"lazy\" decoding=\"async\" width=\"1000\" height=\"562\" src=\"https:\/\/meridyenfair.com\/wp-content\/uploads\/2023\/09\/REKLAM.jpg\" class=\"attachment-large size-large wp-image-9141\" alt=\"\" srcset=\"https:\/\/meridyenfair.com\/wp-content\/uploads\/2023\/09\/REKLAM.jpg 1000w, https:\/\/meridyenfair.com\/wp-content\/uploads\/2023\/09\/REKLAM-400x225.jpg 400w, https:\/\/meridyenfair.com\/wp-content\/uploads\/2023\/09\/REKLAM-768x432.jpg 768w, https:\/\/meridyenfair.com\/wp-content\/uploads\/2023\/09\/REKLAM-18x10.jpg 18w, https:\/\/meridyenfair.com\/wp-content\/uploads\/2023\/09\/REKLAM-280x157.jpg 280w\" sizes=\"(max-width: 1000px) 100vw, 1000px\" \/>\t\t\t\t\t\t\t\t\t\t\t\t\t\t\t<\/div>\n\t\t\t\t<\/div>\n\t\t\t\t\t<\/div>\n\t\t<\/div>\n\t\t\t\t<div class=\"elementor-column elementor-col-66 elementor-top-column elementor-element elementor-element-00fa287\" data-id=\"00fa287\" data-element_type=\"column\">\n\t\t\t<div class=\"elementor-widget-wrap elementor-element-populated\">\n\t\t\t\t\t\t\t\t<div class=\"elementor-element elementor-element-a35628f elementor-widget elementor-widget-wd_title\" data-id=\"a35628f\" data-element_type=\"widget\" data-widget_type=\"wd_title.default\">\n\t\t\t\t<div class=\"elementor-widget-container\">\n\t\t\t\t\t<div class=\"title-wrapper set-mb-s reset-last-child wd-title-color-default wd-title-style-default wd-title-size-default text-left\">\n\n\t\t\t\n\t\t\t<div class=\"liner-continer\">\n\t\t\t\t<h4 class=\"woodmart-title-container title wd-fontsize-l\">3. REKLAM VE TANITIM H\u0130ZMET\u0130<\/h4> \n\t\t\t\t\t\t\t<\/div>\n\n\t\t\t\t\t\t\t<div class=\"title-after_title set-cont-mb-s reset-last-child wd-fontsize-xs\">\n\t\t\t\t\t<p>Meridyen Fuarc\u0131l\u0131k, kat\u0131l\u0131mc\u0131lar\u0131n veya ilgilenen firmalar\u0131n talep etmesi durumunda, fuarlar\u0131n d\u00fczenlendi\u011fi \u00fclkelerde y\u00fcr\u00fct\u00fclen alternatif reklam mecralar\u0131n\u0131 (banner-bilboard-oyun alanlar\u0131nda reklam) proje ekibi arac\u0131l\u0131\u011f\u0131yla firmalara bildirir. Meridyen Fuarc\u0131l\u0131k, yukar\u0131da belirtilen yurt d\u0131\u015f\u0131 reklam kampanyalar\u0131 ile potansiyel m\u00fc\u015fterilerine ula\u015fmak isteyen firmalara yard\u0131mc\u0131 olmakta, firmalar\u0131n do\u011fru ki\u015filerle ileti\u015fime ge\u00e7mesi i\u00e7in hizmet vermektedir.<\/p>\t\t\t\t<\/div>\n\t\t\t\t\t<\/div>\n\t\t\t\t<\/div>\n\t\t\t\t<\/div>\n\t\t\t\t\t<\/div>\n\t\t<\/div>\n\t\t\t\t\t\t\t<\/div>\n\t\t<\/section>\n\t\t\t\t\t\t\t<\/div>\n\t\t","protected":false},"excerpt":{"rendered":"<p>1. STAND SERV\u0130S\u0130 Kat\u0131l\u0131mc\u0131n\u0131n stant tasar\u0131m\u0131 i\u00e7in iki alternatifi vard\u0131r. a) \u00d6zel Alan:&nbsp;Kendi stand\u0131n\u0131 tasarlamay\u0131 tercih eden kat\u0131l\u0131mc\u0131 i\u00e7in bu<\/p>\n","protected":false},"author":1,"featured_media":0,"parent":0,"menu_order":0,"comment_status":"closed","ping_status":"closed","template":"elementor_header_footer","meta":{"footnotes":""},"aioseo_notices":[],"_links":{"self":[{"href":"https:\/\/meridyenfair.com\/tr\/wp-json\/wp\/v2\/pages\/9077"}],"collection":[{"href":"https:\/\/meridyenfair.com\/tr\/wp-json\/wp\/v2\/pages"}],"about":[{"href":"https:\/\/meridyenfair.com\/tr\/wp-json\/wp\/v2\/types\/page"}],"author":[{"embeddable":true,"href":"https:\/\/meridyenfair.com\/tr\/wp-json\/wp\/v2\/users\/1"}],"replies":[{"embeddable":true,"href":"https:\/\/meridyenfair.com\/tr\/wp-json\/wp\/v2\/comments?post=9077"}],"version-history":[{"count":47,"href":"https:\/\/meridyenfair.com\/tr\/wp-json\/wp\/v2\/pages\/9077\/revisions"}],"predecessor-version":[{"id":12218,"href":"https:\/\/meridyenfair.com\/tr\/wp-json\/wp\/v2\/pages\/9077\/revisions\/12218"}],"wp:attachment":[{"href":"https:\/\/meridyenfair.com\/tr\/wp-json\/wp\/v2\/media?parent=9077"}],"curies":[{"name":"wp","href":"https:\/\/api.w.org\/{rel}","templated":true}]}}