{"id":9068,"date":"2023-08-31T10:55:17","date_gmt":"2023-08-31T07:55:17","guid":{"rendered":"https:\/\/meridyenfair.com\/yeni\/?page_id=9068"},"modified":"2023-08-31T11:00:09","modified_gmt":"2023-08-31T08:00:09","slug":"kalite-politikamiz","status":"publish","type":"page","link":"https:\/\/meridyenfair.com\/tr\/kalite-politikamiz\/","title":{"rendered":"Kalite Politikam\u0131z"},"content":{"rendered":"\t\t<div data-elementor-type=\"wp-page\" data-elementor-id=\"9068\" class=\"elementor elementor-9068\">\n\t\t\t\t\t\t\t\t\t<section class=\"elementor-section elementor-top-section elementor-element elementor-element-4e44074 elementor-section-boxed elementor-section-height-default elementor-section-height-default wd-section-disabled\" data-id=\"4e44074\" data-element_type=\"section\">\n\t\t\t\t\t\t<div class=\"elementor-container elementor-column-gap-default\">\n\t\t\t\t\t<div class=\"elementor-column elementor-col-100 elementor-top-column elementor-element elementor-element-99504aa\" data-id=\"99504aa\" data-element_type=\"column\">\n\t\t\t<div class=\"elementor-widget-wrap elementor-element-populated\">\n\t\t\t\t\t\t\t\t<div class=\"elementor-element elementor-element-4a90fc4 elementor-widget elementor-widget-wd_title\" data-id=\"4a90fc4\" data-element_type=\"widget\" data-widget_type=\"wd_title.default\">\n\t\t\t\t<div class=\"elementor-widget-container\">\n\t\t\t\t\t\t<link rel=\"stylesheet\" id=\"wd-section-title-css\" href=\"https:\/\/meridyenfair.com\/wp-content\/themes\/woodmart\/css\/parts\/el-section-title.min.css?ver=6.2.3\" type=\"text\/css\" media=\"all\" \/> \t\t\t\t\t<div class=\"title-wrapper set-mb-s reset-last-child wd-title-color-default wd-title-style-default wd-title-size-default text-center\">\n\n\t\t\t\n\t\t\t<div class=\"liner-continer\">\n\t\t\t\t<h4 class=\"woodmart-title-container title wd-fontsize-l\">MER\u0130DYEN olarak Kalite Politikam\u0131z\u0131n temellerini;<\/h4> \n\t\t\t\t\t\t\t<\/div>\n\n\t\t\t\t\t\t\t<div class=\"title-after_title set-cont-mb-s reset-last-child wd-fontsize-xs\">\n\t\t\t\t\t<p><br \/>\u00dclkemizin g\u00fc\u00e7l\u00fc potansiyeli, stratejik avantajlar\u0131 ve giri\u015fimci insan ger\u00e7e\u011fimizin olu\u015fturdu\u011fu b\u00fcy\u00fck g\u00fcc\u00fc firmam\u0131z\u0131n yetenekleriyle b\u00fct\u00fcnle\u015ftirerek, T\u00fcrk sanayicisinin ve \u00fcr\u00fcnlerinin daha fazla say\u0131da \u00fclkede, do\u011fru pazarlarda, do\u011fru fuarlarda, daha etkin tan\u0131t\u0131m\u0131n\u0131 ger\u00e7ekle\u015ftirmek, ihracat\u0131m\u0131z\u0131n artmas\u0131na hizmet etmek,<\/p><p>Sahip oldu\u011fumuz tecr\u00fcbe, g\u00fc\u00e7l\u00fc kadro bile\u015fenimiz, kal\u0131c\u0131 m\u00fc\u015fteri ili\u015fkilerimiz, geni\u015f olanaklar\u0131m\u0131z, dinamik organizasyon ger\u00e7ekle\u015ftirme yetene\u011fimiz ve iddial\u0131 kimli\u011fimizle uluslar aras\u0131 platformlarda her d\u00fczeyde ve yayg\u0131nl\u0131kta hizmet sa\u011flayan bir kurulu\u015f olmak,<\/p><p>Uluslar aras\u0131 fuarc\u0131l\u0131k alan\u0131nda etkin bir markala\u015fma yaratmak, \u201cba\u015fvuru kurulu\u015fu\u201d olmak, rekabet g\u00fcc\u00fcm\u00fcz\u00fc art\u0131rmak,<br \/>\u0130li\u015fkide bulundu\u011fumuz taraflar\u0131n, m\u00fc\u015fterilerimizin, \u00e7al\u0131\u015fanlar\u0131m\u0131z\u0131n, i\u015fbirli\u011fi yapt\u0131\u011f\u0131m\u0131z partnerlerimizin, mevzuat gere\u011fi ba\u011fl\u0131 bulundu\u011fumuz kamu kurulu\u015flar\u0131n\u0131n beklenti ve ihtiya\u00e7lar\u0131n\u0131n kar\u015f\u0131lanmas\u0131na odaklanmak, \u00e7\u0131kar ve fayda ili\u015fkisini tek yanl\u0131 de\u011fil kar\u015f\u0131l\u0131kl\u0131 olarak ele almak,<\/p><p>\u00c7al\u0131\u015fanlar\u0131m\u0131z\u0131n nitelik yap\u0131s\u0131n\u0131n ve verimlili\u011finin kurulu\u015fumuzun temel de\u011ferlerinden biri oldu\u011fu bilinciyle, \u00e7al\u0131\u015fanlar\u0131m\u0131z\u0131n geli\u015fimine hizmet edecek e\u011fitim ve geli\u015ftirme faaliyetlerini s\u00fcrekli k\u0131lmak,<\/p><p>Sekt\u00f6r\u00fcm\u00fczde geli\u015fimin \u00f6nc\u00fcs\u00fc olmak, sekt\u00f6rel standartlar\u0131 geli\u015ftirmek, \u0130\u015f ahlak\u0131 ilkelerini savunmak ve bu do\u011frultuda bir k\u00fclt\u00fcr olu\u015fmas\u0131na katk\u0131da bulunmak,<\/p><p>Bilimsel ve teknolojik geli\u015fmeleri izlemek, uyum sa\u011flamak, G\u00fc\u00e7l\u00fc ve kal\u0131c\u0131 olmak, b\u00fcy\u00fcmede istikrar\u0131 temel almak olu\u015fturmaktad\u0131r.<\/p>\t\t\t\t<\/div>\n\t\t\t\t\t<\/div>\n\t\t\t\t<\/div>\n\t\t\t\t<\/div>\n\t\t\t\t\t<\/div>\n\t\t<\/div>\n\t\t\t\t\t\t\t<\/div>\n\t\t<\/section>\n\t\t\t\t\t\t\t<\/div>\n\t\t","protected":false},"excerpt":{"rendered":"<p>MER\u0130DYEN olarak Kalite Politikam\u0131z\u0131n temellerini; \u00dclkemizin g\u00fc\u00e7l\u00fc potansiyeli, stratejik avantajlar\u0131 ve giri\u015fimci insan ger\u00e7e\u011fimizin olu\u015fturdu\u011fu b\u00fcy\u00fck g\u00fcc\u00fc firmam\u0131z\u0131n yetenekleriyle b\u00fct\u00fcnle\u015ftirerek,<\/p>\n","protected":false},"author":1,"featured_media":0,"parent":0,"menu_order":0,"comment_status":"closed","ping_status":"closed","template":"elementor_header_footer","meta":{"footnotes":""},"aioseo_notices":[],"_links":{"self":[{"href":"https:\/\/meridyenfair.com\/tr\/wp-json\/wp\/v2\/pages\/9068"}],"collection":[{"href":"https:\/\/meridyenfair.com\/tr\/wp-json\/wp\/v2\/pages"}],"about":[{"href":"https:\/\/meridyenfair.com\/tr\/wp-json\/wp\/v2\/types\/page"}],"author":[{"embeddable":true,"href":"https:\/\/meridyenfair.com\/tr\/wp-json\/wp\/v2\/users\/1"}],"replies":[{"embeddable":true,"href":"https:\/\/meridyenfair.com\/tr\/wp-json\/wp\/v2\/comments?post=9068"}],"version-history":[{"count":4,"href":"https:\/\/meridyenfair.com\/tr\/wp-json\/wp\/v2\/pages\/9068\/revisions"}],"predecessor-version":[{"id":9074,"href":"https:\/\/meridyenfair.com\/tr\/wp-json\/wp\/v2\/pages\/9068\/revisions\/9074"}],"wp:attachment":[{"href":"https:\/\/meridyenfair.com\/tr\/wp-json\/wp\/v2\/media?parent=9068"}],"curies":[{"name":"wp","href":"https:\/\/api.w.org\/{rel}","templated":true}]}}