{"id":4400,"date":"2021-10-12T15:51:09","date_gmt":"2021-10-12T15:51:09","guid":{"rendered":"http:\/\/dummy.xtemos.com\/woodmart2\/elementor\/?page_id=4400"},"modified":"2025-04-07T16:12:02","modified_gmt":"2025-04-07T13:12:02","slug":"hakkimizda","status":"publish","type":"page","link":"https:\/\/meridyenfair.com\/tr\/hakkimizda\/","title":{"rendered":"Hakk\u0131m\u0131zda"},"content":{"rendered":"\t\t<div data-elementor-type=\"wp-page\" data-elementor-id=\"4400\" class=\"elementor elementor-4400\">\n\t\t\t\t\t\t\t\t\t<section class=\"elementor-section elementor-top-section elementor-element elementor-element-3c548bca elementor-reverse-tablet elementor-reverse-mobile elementor-section-boxed elementor-section-height-default elementor-section-height-default wd-section-disabled\" data-id=\"3c548bca\" data-element_type=\"section\">\n\t\t\t\t\t\t<div class=\"elementor-container elementor-column-gap-default\">\n\t\t\t\t\t<div class=\"elementor-column elementor-col-50 elementor-top-column elementor-element elementor-element-1d354ed7\" data-id=\"1d354ed7\" data-element_type=\"column\">\n\t\t\t<div class=\"elementor-widget-wrap elementor-element-populated\">\n\t\t\t\t\t\t\t\t<div class=\"elementor-element elementor-element-97b5524 elementor-invisible elementor-widget elementor-widget-image\" data-id=\"97b5524\" data-element_type=\"widget\" data-settings=\"{&quot;_animation&quot;:&quot;wd-anim-top-flip-x&quot;}\" data-widget_type=\"image.default\">\n\t\t\t\t<div class=\"elementor-widget-container\">\n\t\t\t\t\t\t\t\t\t\t\t\t\t\t\t<img loading=\"lazy\" decoding=\"async\" width=\"661\" height=\"800\" src=\"https:\/\/meridyenfair.com\/wp-content\/uploads\/2023\/09\/proje-hizmets-661x800.png\" class=\"attachment-large size-large wp-image-9094\" alt=\"\" srcset=\"https:\/\/meridyenfair.com\/wp-content\/uploads\/2023\/09\/proje-hizmets-661x800.png 661w, https:\/\/meridyenfair.com\/wp-content\/uploads\/2023\/09\/proje-hizmets-248x300.png 248w, https:\/\/meridyenfair.com\/wp-content\/uploads\/2023\/09\/proje-hizmets-768x930.png 768w, https:\/\/meridyenfair.com\/wp-content\/uploads\/2023\/09\/proje-hizmets-10x12.png 10w, https:\/\/meridyenfair.com\/wp-content\/uploads\/2023\/09\/proje-hizmets-280x339.png 280w, https:\/\/meridyenfair.com\/wp-content\/uploads\/2023\/09\/proje-hizmets.png 1000w\" sizes=\"(max-width: 661px) 100vw, 661px\" \/>\t\t\t\t\t\t\t\t\t\t\t\t\t\t\t<\/div>\n\t\t\t\t<\/div>\n\t\t\t\t\t<\/div>\n\t\t<\/div>\n\t\t\t\t<div class=\"elementor-column elementor-col-50 elementor-top-column elementor-element elementor-element-7a9daa7\" data-id=\"7a9daa7\" data-element_type=\"column\">\n\t\t\t<div class=\"elementor-widget-wrap elementor-element-populated\">\n\t\t\t\t\t\t\t\t<div class=\"elementor-element elementor-element-18566191 elementor-widget elementor-widget-wd_title\" data-id=\"18566191\" data-element_type=\"widget\" data-widget_type=\"wd_title.default\">\n\t\t\t\t<div class=\"elementor-widget-container\">\n\t\t\t\t\t\t<link rel=\"stylesheet\" id=\"wd-section-title-css\" href=\"https:\/\/meridyenfair.com\/wp-content\/themes\/woodmart\/css\/parts\/el-section-title.min.css?ver=6.2.3\" type=\"text\/css\" media=\"all\" \/> \t\t\t\t\t<div class=\"title-wrapper set-mb-s reset-last-child wd-title-color-primary wd-title-style-default wd-title-size-large text-left\">\n\n\t\t\t\t\t\t\t<div class=\"title-subtitle subtitle-color-primary subtitle-style-default wd-fontsize-xs\">\n\t\t\t\t\t\u0130hracat hedeflerinizi yakalamak i\u00e7in, siz de Meridyen\u2019i se\u00e7in...\t\t\t\t<\/div>\n\t\t\t\n\t\t\t<div class=\"liner-continer\">\n\t\t\t\t<h4 class=\"woodmart-title-container title wd-fontsize-xxl\">Hakk\u0131m\u0131zda<\/h4> \n\t\t\t\t\t\t\t<\/div>\n\n\t\t\t\t\t<\/div>\n\t\t\t\t<\/div>\n\t\t\t\t<\/div>\n\t\t\t\t<div class=\"elementor-element elementor-element-cf34ae6 elementor-widget elementor-widget-wd_text_block\" data-id=\"cf34ae6\" data-element_type=\"widget\" data-widget_type=\"wd_text_block.default\">\n\t\t\t\t<div class=\"elementor-widget-container\">\n\t\t\t\t\t\t<link rel=\"stylesheet\" id=\"wd-text-block-css\" href=\"https:\/\/meridyenfair.com\/wp-content\/themes\/woodmart\/css\/parts\/el-text-block.min.css?ver=6.2.3\" type=\"text\/css\" media=\"all\" \/> \t\t\t\t\t<div class=\"wd-text-block reset-last-child text-left\">\n\t\t\t\n\t\t\t<p>T\u00fcrk Fuarc\u0131l\u0131\u011f\u0131\u2019nda uluslararas\u0131 standartlar\u0131 esas alan Meridyen Fuarc\u0131l\u0131k, 1998 y\u0131l\u0131nda kurulmu\u015ftur. Hizmette yeni ve farkl\u0131 yakla\u015f\u0131m\u0131yla, 27 y\u0131l boyunca kalitesinden asla taviz vermeyen Meridyen, k\u0131sa zamanda h\u0131zl\u0131 bir b\u00fcy\u00fcme ger\u00e7ekle\u015ftirmi\u015ftir.<\/p><p>Meridyen Fuarc\u0131l\u0131k\u2019\u0131n organizasyon \u015femas\u0131; sat\u0131\u015f, proje, bas\u0131n, reklam ve halkla ili\u015fkiler, d\u0131\u015f ili\u015fkiler, turizm, te\u015fvik uygulama, finans, muhasebe, bilgi i\u015flem, nakliye ve idari i\u015fler departmanlar\u0131ndan olu\u015fmakta olup, her biri kendi alan\u0131nda deneyimli ve uzman yakla\u015f\u0131k altm\u0131\u015f ki\u015filik \u00e7al\u0131\u015fan kadrosuna sahiptir.<\/p><p>Meridyen Fuarc\u0131l\u0131k, her y\u0131l \u0130spanya, Polonya, Cezayir, \u00d6zbekistan, S\u0131rbistan, Almanya, Fas, Tunus, \u0130ngiltere, T\u00fcrkmenistan, \u0130sve\u00e7, Bel\u00e7ika, Ukrayna, Kosova, Nijerya, M\u0131s\u0131r, Suriye, \u00c7in, \u015eili, Portekiz, \u0130talya, Libya, \u0130ran, <span style=\"font-family: Inter, Arial, Helvetica, sans-serif; font-size: 16px; font-style: normal; font-variant-ligatures: normal; font-variant-caps: normal; font-weight: 400; color: var(--wd-text-color);\">Irak, <\/span><span style=\"font-size: 16px; color: var(--wd-text-color);\">Kazakistan,G. Afrika Cumhuriyeti, Etiyopya, Tanzanya, Mozambik gibi Asya\u2019dan Avrupa\u2019ya, Afrika\u2019dan Amerika\u2019ya kadar uzanan geni\u015f bir co\u011frafyada yer alan bir\u00e7ok \u00fclkede ba\u015far\u0131l\u0131 fuarlar d\u00fczenlemektedir.<\/span><span style=\"font-size: 16px; color: var(--wd-text-color);\"><\/span><\/p>\n\t\t\t\t\t<\/div>\n\t\t\t\t<\/div>\n\t\t\t\t<\/div>\n\t\t\t\t\t<\/div>\n\t\t<\/div>\n\t\t\t\t\t\t\t<\/div>\n\t\t<\/section>\n\t\t\t\t<section class=\"elementor-section elementor-top-section elementor-element elementor-element-2a9b5bc elementor-reverse-tablet elementor-reverse-mobile elementor-section-boxed elementor-section-height-default elementor-section-height-default wd-section-disabled\" data-id=\"2a9b5bc\" data-element_type=\"section\">\n\t\t\t\t\t\t<div class=\"elementor-container elementor-column-gap-default\">\n\t\t\t\t\t<div class=\"elementor-column elementor-col-50 elementor-top-column elementor-element elementor-element-3a3266c\" data-id=\"3a3266c\" data-element_type=\"column\">\n\t\t\t<div class=\"elementor-widget-wrap elementor-element-populated\">\n\t\t\t\t\t\t\t\t<div class=\"elementor-element elementor-element-613eb01 elementor-invisible elementor-widget elementor-widget-wd_image_or_svg\" data-id=\"613eb01\" data-element_type=\"widget\" data-settings=\"{&quot;_animation&quot;:&quot;headShake&quot;}\" data-widget_type=\"wd_image_or_svg.default\">\n\t\t\t\t<div class=\"elementor-widget-container\">\n\t\t\t\n\t\t<div class=\"wd-image text-center\">\n\t\t\t\t\t\t\t\t<img loading=\"lazy\" decoding=\"async\" width=\"150\" height=\"150\" src=\"https:\/\/meridyenfair.com\/wp-content\/uploads\/2023\/08\/anahtar-150x150.png\" class=\"attachment-thumbnail size-thumbnail wp-image-8874\" alt=\"\" \/>\t\t\t\t\t<\/div>\n\n\t\t\t\t<\/div>\n\t\t\t\t<\/div>\n\t\t\t\t<div class=\"elementor-element elementor-element-07d7728 elementor-widget elementor-widget-wd_title\" data-id=\"07d7728\" data-element_type=\"widget\" data-widget_type=\"wd_title.default\">\n\t\t\t\t<div class=\"elementor-widget-container\">\n\t\t\t\t\t<div class=\"title-wrapper set-mb-s reset-last-child wd-title-color-primary wd-title-style-default wd-title-size-large text-center\">\n\n\t\t\t\n\t\t\t<div class=\"liner-continer\">\n\t\t\t\t<h4 class=\"woodmart-title-container title wd-fontsize-xxl\">Anahtar Teslim Hizmet!<br \/>\n<\/h4> \n\t\t\t\t\t\t\t<\/div>\n\n\t\t\t\t\t<\/div>\n\t\t\t\t<\/div>\n\t\t\t\t<\/div>\n\t\t\t\t\t<\/div>\n\t\t<\/div>\n\t\t\t\t<div class=\"elementor-column elementor-col-50 elementor-top-column elementor-element elementor-element-ee1ce2f\" data-id=\"ee1ce2f\" data-element_type=\"column\">\n\t\t\t<div class=\"elementor-widget-wrap elementor-element-populated\">\n\t\t\t\t\t\t\t\t<div class=\"elementor-element elementor-element-5572537 elementor-widget__width-initial elementor-widget elementor-widget-wd_text_block\" data-id=\"5572537\" data-element_type=\"widget\" data-widget_type=\"wd_text_block.default\">\n\t\t\t\t<div class=\"elementor-widget-container\">\n\t\t\t\t\t<div class=\"wd-text-block reset-last-child text-left\">\n\t\t\t\n\t\t\t<p>Bug\u00fcne kadar 600 civar\u0131nda uluslararas\u0131 ihtisas fuar\u0131na grup kat\u0131l\u0131m\u0131 ve milli kat\u0131l\u0131m ger\u00e7ekle\u015ftirip, kendi sekt\u00f6r\u00fcnde \u00f6nc\u00fc binlerce ihracat\u00e7\u0131 firmay\u0131 uluslararas\u0131 arenaya ta\u015f\u0131yan Meridyen Fuarc\u0131l\u0131k; yap\u0131-in\u015faat, moda, tekstil, ev tekstili, mobilya, makine ve end\u00fcstriyel \u00fcr\u00fcnler, kimya-kozmetik, ayakkab\u0131-deri-saraciye, ev ara\u00e7-gere\u00e7leri ve tar\u0131m gibi sekt\u00f6rlerde ihtisasla\u015fm\u0131\u015ft\u0131r. M\u00fc\u015fteri memnuniyetini \u00f6n planda tutan Meridyen, firmalara fuar sat\u0131\u015f\u0131ndan \u00fcr\u00fcn nakliyesine, stant hizmetinden turizm program\u0131na kadar <strong>\u201canahtar teslim\u201d hizmet sunmaktad\u0131r.<\/strong><\/p><p>Uluslararas\u0131 platformda kazanm\u0131\u015f oldu\u011fu tecr\u00fcbeleri, en verimli \u015fekilde m\u00fc\u015fterilerine sunan Meridyen Fuarc\u0131l\u0131k, y\u0131llard\u0131r yurtd\u0131\u015f\u0131 pazarlarda \u2018\u2018T\u00fcrk Mal\u0131\u2019\u2019 imaj\u0131n\u0131n y\u00fckseltilmesi konusunda T\u00fcrk firmalar\u0131na her t\u00fcrl\u00fc deste\u011fi vermeyi kendine g\u00f6rev edinmi\u015ftir. T\u00fcrk Ekonomisi\u2019nin temel ta\u015f\u0131 olarak kabul edilen KOB\u0130\u2019lere yurtd\u0131\u015f\u0131 pazarlar\u0131n kap\u0131lar\u0131n\u0131 a\u00e7\u0131p, onlar\u0131n ufuklar\u0131n\u0131 geni\u015fletme misyonuyla yoluna g\u00fc\u00e7lenerek devam eden Meridyen Fuarc\u0131l\u0131k, b\u00f6ylece her y\u0131l ihracat\u0131n artmas\u0131na da ciddi \u00f6l\u00e7\u00fcde katk\u0131da bulunmakt\u0131r.<span style=\"font-size: 16px; color: var(--wd-text-color);\"><\/span><\/p>\n\t\t\t\t\t<\/div>\n\t\t\t\t<\/div>\n\t\t\t\t<\/div>\n\t\t\t\t\t<\/div>\n\t\t<\/div>\n\t\t\t\t\t\t\t<\/div>\n\t\t<\/section>\n\t\t\t\t\t\t\t<\/div>\n\t\t","protected":false},"excerpt":{"rendered":"<p>\u0130hracat hedeflerinizi yakalamak i\u00e7in, siz de Meridyen\u2019i se\u00e7in&#8230; Hakk\u0131m\u0131zda T\u00fcrk Fuarc\u0131l\u0131\u011f\u0131\u2019nda uluslararas\u0131 standartlar\u0131 esas alan Meridyen Fuarc\u0131l\u0131k, 1998 y\u0131l\u0131nda kurulmu\u015ftur.<\/p>\n","protected":false},"author":1,"featured_media":0,"parent":0,"menu_order":0,"comment_status":"closed","ping_status":"closed","template":"elementor_header_footer","meta":{"footnotes":""},"aioseo_notices":[],"_links":{"self":[{"href":"https:\/\/meridyenfair.com\/tr\/wp-json\/wp\/v2\/pages\/4400"}],"collection":[{"href":"https:\/\/meridyenfair.com\/tr\/wp-json\/wp\/v2\/pages"}],"about":[{"href":"https:\/\/meridyenfair.com\/tr\/wp-json\/wp\/v2\/types\/page"}],"author":[{"embeddable":true,"href":"https:\/\/meridyenfair.com\/tr\/wp-json\/wp\/v2\/users\/1"}],"replies":[{"embeddable":true,"href":"https:\/\/meridyenfair.com\/tr\/wp-json\/wp\/v2\/comments?post=4400"}],"version-history":[{"count":86,"href":"https:\/\/meridyenfair.com\/tr\/wp-json\/wp\/v2\/pages\/4400\/revisions"}],"predecessor-version":[{"id":16807,"href":"https:\/\/meridyenfair.com\/tr\/wp-json\/wp\/v2\/pages\/4400\/revisions\/16807"}],"wp:attachment":[{"href":"https:\/\/meridyenfair.com\/tr\/wp-json\/wp\/v2\/media?parent=4400"}],"curies":[{"name":"wp","href":"https:\/\/api.w.org\/{rel}","templated":true}]}}