{"id":1072,"date":"2019-01-06T11:23:32","date_gmt":"2019-01-06T11:23:32","guid":{"rendered":"http:\/\/localhost\/Exhibz\/?page_id=1072"},"modified":"2023-11-01T12:02:59","modified_gmt":"2023-11-01T09:02:59","slug":"kariyer","status":"publish","type":"page","link":"https:\/\/meridyenfair.com\/tr\/kariyer\/","title":{"rendered":"Kariyer"},"content":{"rendered":"\t\t<div data-elementor-type=\"wp-post\" data-elementor-id=\"1072\" class=\"elementor elementor-1072\">\n\t\t\t\t\t\t\t\t\t<section class=\"elementor-section elementor-top-section elementor-element elementor-element-b0e1903 elementor-section-boxed elementor-section-height-default elementor-section-height-default wd-section-disabled\" data-id=\"b0e1903\" data-element_type=\"section\">\n\t\t\t\t\t\t<div class=\"elementor-container elementor-column-gap-default\">\n\t\t\t\t\t<div class=\"elementor-column elementor-col-50 elementor-top-column elementor-element elementor-element-3621087\" data-id=\"3621087\" data-element_type=\"column\">\n\t\t\t<div class=\"elementor-widget-wrap elementor-element-populated\">\n\t\t\t\t\t\t\t\t<div class=\"elementor-element elementor-element-ad385c3 elementor-widget elementor-widget-wd_title\" data-id=\"ad385c3\" data-element_type=\"widget\" data-widget_type=\"wd_title.default\">\n\t\t\t\t<div class=\"elementor-widget-container\">\n\t\t\t\t\t\t<link rel=\"stylesheet\" id=\"wd-section-title-css\" href=\"https:\/\/meridyenfair.com\/wp-content\/themes\/woodmart\/css\/parts\/el-section-title.min.css?ver=6.2.3\" type=\"text\/css\" media=\"all\" \/> \t\t\t\t\t<div class=\"title-wrapper set-mb-s reset-last-child wd-title-color-default wd-title-style-default wd-title-size-default text-center\">\n\n\t\t\t\n\t\t\t<div class=\"liner-continer\">\n\t\t\t\t<h4 class=\"woodmart-title-container title wd-fontsize-l\">Ekibimize Kat\u0131l\u0131n! Ba\u015fvurular\u0131n\u0131z\u0131 Bekliyoruz...<\/h4> \n\t\t\t\t\t\t\t<\/div>\n\n\t\t\t\t\t\t\t<div class=\"title-after_title set-cont-mb-s reset-last-child wd-fontsize-xs\">\n\t\t\t\t\t<p>A\u015fa\u011f\u0131daki sekt\u00f6rlerde ,t\u00fcm T\u00fcrkiye\u2019deki ihracat\u00e7\u0131 veya ihracat potansiyeli olan \u00fcretici firmalar ile ileti\u015fimi g\u00fc\u00e7l\u00fc, sekt\u00f6re ve sekt\u00f6r\u00fcn dinamiklerine hakim, sekt\u00f6r\u00fc ihracat konusunda y\u00f6nlendirme potansiyeli olan sat\u0131\u015f personeli al\u0131nacakt\u0131r.<\/p><p>Tar\u0131m ve tar\u0131m makinalar\u0131,<br \/>Elektrik<br \/>Kap\u0131-pencere-aluminyum<br \/>Sanayi makinalar\u0131<br \/>Otomotiv yan sanayi<br \/>Maden ve \u0130\u015f Makinalar\u0131<br \/>Yap\u0131 malzemeleri<br \/>Kozmetik<br \/>Ambalaj<br \/>G\u0131da<br \/>Ev Tekstili<br \/>Mobilya<br \/>Mermer<br \/>Banyo-Seramik<br \/>Medikal<br \/>Z\u00fcccaciye<br \/>Otel ve Restoran Ekipmanlar\u0131<br \/>Beyaz E\u015fya ve K\u00fc\u00e7\u00fck Ev Aletleri<\/p><h5>Ba\u015fvurular i\u00e7in:<br \/>Meridyen Uluslararas\u0131 Fuarc\u0131l\u0131k San. Tic. Ltd \u015eti.<br \/>E-mail :<strong> <a href=\"mailto:kkaragoz@meridyenfair.com\">kkaragoz@meridyenfair.com<\/a><\/strong><\/h5>\t\t\t\t<\/div>\n\t\t\t\t\t<\/div>\n\t\t\t\t<\/div>\n\t\t\t\t<\/div>\n\t\t\t\t\t<\/div>\n\t\t<\/div>\n\t\t\t\t<div class=\"elementor-column elementor-col-50 elementor-top-column elementor-element elementor-element-d48a9d4\" data-id=\"d48a9d4\" data-element_type=\"column\">\n\t\t\t<div class=\"elementor-widget-wrap elementor-element-populated\">\n\t\t\t\t\t\t\t\t<div class=\"elementor-element elementor-element-3002e4c elementor-widget__width-initial elementor-widget elementor-widget-wd_contact_form_7\" data-id=\"3002e4c\" data-element_type=\"widget\" data-widget_type=\"wd_contact_form_7.default\">\n\t\t\t\t<div class=\"elementor-widget-container\">\n\t\t\t\n<div class=\"wpcf7 no-js\" id=\"wpcf7-f12441-o1\" lang=\"tr-TR\" dir=\"ltr\">\n<div class=\"screen-reader-response\"><p role=\"status\" aria-live=\"polite\" aria-atomic=\"true\"><\/p> <ul><\/ul><\/div>\n<form action=\"\/tr\/wp-json\/wp\/v2\/pages\/1072#wpcf7-f12441-o1\" method=\"post\" class=\"wpcf7-form init wd-style-with-bg\" aria-label=\"Contact form\" enctype=\"multipart\/form-data\" novalidate=\"novalidate\" data-status=\"init\">\n<div style=\"display: none;\">\n<input type=\"hidden\" name=\"_wpcf7\" value=\"12441\" \/>\n<input type=\"hidden\" name=\"_wpcf7_version\" value=\"5.9.2\" \/>\n<input type=\"hidden\" name=\"_wpcf7_locale\" value=\"tr_TR\" \/>\n<input type=\"hidden\" name=\"_wpcf7_unit_tag\" value=\"wpcf7-f12441-o1\" \/>\n<input type=\"hidden\" name=\"_wpcf7_container_post\" value=\"0\" \/>\n<input type=\"hidden\" name=\"_wpcf7_posted_data_hash\" value=\"\" \/>\n<\/div>\n<div class=\"row\">\n\t<p class=\"col-md-6\"><label>\u0130sim<\/label><span class=\"wpcf7-form-control-wrap\" data-name=\"text-672\"><input size=\"40\" class=\"wpcf7-form-control wpcf7-text wpcf7-validates-as-required\" aria-required=\"true\" aria-invalid=\"false\" value=\"\" type=\"text\" name=\"text-672\" \/><\/span>\n\t<\/p>\n\t<p class=\"col-md-6\"><label>Soyisim<\/label><span class=\"wpcf7-form-control-wrap\" data-name=\"text-673\"><input size=\"40\" class=\"wpcf7-form-control wpcf7-text wpcf7-validates-as-required\" aria-required=\"true\" aria-invalid=\"false\" value=\"\" type=\"text\" name=\"text-673\" \/><\/span>\n\t<\/p>\n<\/div>\n<div class=\"row\">\n\t<p class=\"col-md-6\"><label>Telefon<\/label><span class=\"wpcf7-form-control-wrap\" data-name=\"tel-767\"><input size=\"40\" class=\"wpcf7-form-control wpcf7-tel wpcf7-validates-as-required wpcf7-text wpcf7-validates-as-tel\" aria-required=\"true\" aria-invalid=\"false\" value=\"\" type=\"tel\" name=\"tel-767\" \/><\/span>\n\t<\/p>\n\t<p class=\"col-md-6\"><label>Email<\/label><span class=\"wpcf7-form-control-wrap\" data-name=\"your-email\"><input size=\"40\" class=\"wpcf7-form-control wpcf7-email wpcf7-validates-as-required wpcf7-text wpcf7-validates-as-email\" aria-required=\"true\" aria-invalid=\"false\" value=\"\" type=\"email\" name=\"your-email\" \/><\/span>\n\t<\/p>\n<\/div>\n<div class=\"row\">\n\t<p class=\"col-md-6\"><label>CV<\/label><span class=\"wpcf7-form-control-wrap\" data-name=\"file-949\"><input size=\"40\" class=\"wpcf7-form-control wpcf7-file\" accept=\".pdf,.word,.png,.jpeg,.gif\" aria-invalid=\"false\" type=\"file\" name=\"file-949\" \/><\/span>\n\t<\/p>\n<\/div>\n<p><label>\u00d6ns\u00f6z<\/label><span class=\"wpcf7-form-control-wrap\" data-name=\"your-message\"><textarea cols=\"40\" rows=\"10\" class=\"wpcf7-form-control wpcf7-textarea\" aria-invalid=\"false\" name=\"your-message\"><\/textarea><\/span>\n<\/p>\n<p><input type=\"hidden\" name=\"_wpcf7_captcha_challenge_captcha-1\" value=\"2494781632\" \/><img loading=\"lazy\" decoding=\"async\" class=\"wpcf7-form-control wpcf7-captchac wpcf7-captcha-captcha-1\" width=\"72\" height=\"24\" alt=\"captcha\" src=\"https:\/\/meridyenfair.com\/wp-content\/uploads\/wpcf7_captcha\/2494781632.png\" \/><span class=\"wpcf7-form-control-wrap\" data-name=\"captcha-1\"><input size=\"40\" class=\"wpcf7-form-control wpcf7-captchar\" autocomplete=\"off\" aria-invalid=\"false\" value=\"\" type=\"text\" name=\"captcha-1\" \/><\/span>\n<\/p>\n<p><input class=\"wpcf7-form-control wpcf7-submit has-spinner btn-color-black\" type=\"submit\" value=\"BA\u015eVUR\" \/>\n<\/p><div class=\"wpcf7-response-output\" aria-hidden=\"true\"><\/div>\n<\/form>\n<\/div>\n\t\t<\/div>\n\t\t\t\t<\/div>\n\t\t\t\t\t<\/div>\n\t\t<\/div>\n\t\t\t\t\t\t\t<\/div>\n\t\t<\/section>\n\t\t\t\t\t\t\t<\/div>\n\t\t","protected":false},"excerpt":{"rendered":"<p>Ekibimize Kat\u0131l\u0131n! Ba\u015fvurular\u0131n\u0131z\u0131 Bekliyoruz&#8230; A\u015fa\u011f\u0131daki sekt\u00f6rlerde ,t\u00fcm T\u00fcrkiye\u2019deki ihracat\u00e7\u0131 veya ihracat potansiyeli olan \u00fcretici firmalar ile ileti\u015fimi g\u00fc\u00e7l\u00fc, sekt\u00f6re ve<\/p>\n","protected":false},"author":1,"featured_media":0,"parent":0,"menu_order":0,"comment_status":"closed","ping_status":"closed","template":"elementor_header_footer","meta":{"footnotes":""},"aioseo_notices":[],"_links":{"self":[{"href":"https:\/\/meridyenfair.com\/tr\/wp-json\/wp\/v2\/pages\/1072"}],"collection":[{"href":"https:\/\/meridyenfair.com\/tr\/wp-json\/wp\/v2\/pages"}],"about":[{"href":"https:\/\/meridyenfair.com\/tr\/wp-json\/wp\/v2\/types\/page"}],"author":[{"embeddable":true,"href":"https:\/\/meridyenfair.com\/tr\/wp-json\/wp\/v2\/users\/1"}],"replies":[{"embeddable":true,"href":"https:\/\/meridyenfair.com\/tr\/wp-json\/wp\/v2\/comments?post=1072"}],"version-history":[{"count":22,"href":"https:\/\/meridyenfair.com\/tr\/wp-json\/wp\/v2\/pages\/1072\/revisions"}],"predecessor-version":[{"id":12444,"href":"https:\/\/meridyenfair.com\/tr\/wp-json\/wp\/v2\/pages\/1072\/revisions\/12444"}],"wp:attachment":[{"href":"https:\/\/meridyenfair.com\/tr\/wp-json\/wp\/v2\/media?parent=1072"}],"curies":[{"name":"wp","href":"https:\/\/api.w.org\/{rel}","templated":true}]}}