{"id":10698,"date":"2023-09-28T11:25:45","date_gmt":"2023-09-28T08:25:45","guid":{"rendered":"https:\/\/meridyenfair.com\/yeni\/?page_id=10698"},"modified":"2025-02-14T14:44:18","modified_gmt":"2025-02-14T11:44:18","slug":"belgelerimiz","status":"publish","type":"page","link":"https:\/\/meridyenfair.com\/tr\/belgelerimiz\/","title":{"rendered":"Belgelerimiz"},"content":{"rendered":"\t\t<div data-elementor-type=\"wp-page\" data-elementor-id=\"10698\" class=\"elementor elementor-10698\">\n\t\t\t\t\t\t\t\t\t<section class=\"elementor-section elementor-top-section elementor-element elementor-element-4d5d244 elementor-section-boxed elementor-section-height-default elementor-section-height-default wd-section-disabled\" data-id=\"4d5d244\" data-element_type=\"section\">\n\t\t\t\t\t\t<div class=\"elementor-container elementor-column-gap-default\">\n\t\t\t\t\t<div class=\"elementor-column elementor-col-100 elementor-top-column elementor-element elementor-element-e75fec8\" data-id=\"e75fec8\" data-element_type=\"column\">\n\t\t\t<div class=\"elementor-widget-wrap elementor-element-populated\">\n\t\t\t\t\t\t\t\t<div class=\"elementor-element elementor-element-147cb79 elementor-widget elementor-widget-image-gallery\" data-id=\"147cb79\" data-element_type=\"widget\" data-widget_type=\"image-gallery.default\">\n\t\t\t\t<div class=\"elementor-widget-container\">\n\t\t\t\t\t<div class=\"elementor-image-gallery\">\n\t\t\t\n\t\t<style type=\"text\/css\">\n\t\t\t#gallery-1 {\n\t\t\t\tmargin: auto;\n\t\t\t}\n\t\t\t#gallery-1 .gallery-item {\n\t\t\t\tfloat: left;\n\t\t\t\tmargin-top: 10px;\n\t\t\t\ttext-align: center;\n\t\t\t\twidth: 25%;\n\t\t\t}\n\t\t\t#gallery-1 img {\n\t\t\t\tborder: 2px solid #cfcfcf;\n\t\t\t}\n\t\t\t#gallery-1 .gallery-caption {\n\t\t\t\tmargin-left: 0;\n\t\t\t}\n\t\t\t\/* see gallery_shortcode() in wp-includes\/media.php *\/\n\t\t<\/style>\n\t\t<div id='gallery-1' class='gallery galleryid-10698 gallery-columns-4 gallery-size-1536x1536'><dl class='gallery-item'>\n\t\t\t<dt class='gallery-icon portrait'>\n\t\t\t\t<a data-elementor-open-lightbox=\"yes\" data-elementor-lightbox-slideshow=\"147cb79\" data-elementor-lightbox-title=\"YURT\u0130\u00c7\u0130 YETK\u0130 BELGES\u0130\" data-e-action-hash=\"#elementor-action%3Aaction%3Dlightbox%26settings%3DeyJpZCI6MTY2NjUsInVybCI6Imh0dHBzOlwvXC9tZXJpZHllbmZhaXIuY29tXC93cC1jb250ZW50XC91cGxvYWRzXC8yMDI1XC8wMlwveXVydGljaS15ZXRraS1iZWxnZXNpLmpwZyIsInNsaWRlc2hvdyI6IjE0N2NiNzkifQ%3D%3D\" href='https:\/\/meridyenfair.com\/wp-content\/uploads\/2025\/02\/yurtici-yetki-belgesi.jpg'><img loading=\"lazy\" decoding=\"async\" width=\"932\" height=\"1280\" src=\"https:\/\/meridyenfair.com\/wp-content\/uploads\/2025\/02\/yurtici-yetki-belgesi.jpg\" class=\"attachment-1536x1536 size-1536x1536\" alt=\"\" aria-describedby=\"gallery-1-16665\" srcset=\"https:\/\/meridyenfair.com\/wp-content\/uploads\/2025\/02\/yurtici-yetki-belgesi.jpg 932w, https:\/\/meridyenfair.com\/wp-content\/uploads\/2025\/02\/yurtici-yetki-belgesi-218x300.jpg 218w, https:\/\/meridyenfair.com\/wp-content\/uploads\/2025\/02\/yurtici-yetki-belgesi-583x800.jpg 583w, https:\/\/meridyenfair.com\/wp-content\/uploads\/2025\/02\/yurtici-yetki-belgesi-768x1055.jpg 768w, https:\/\/meridyenfair.com\/wp-content\/uploads\/2025\/02\/yurtici-yetki-belgesi-9x12.jpg 9w\" sizes=\"(max-width: 932px) 100vw, 932px\" \/><\/a>\n\t\t\t<\/dt>\n\t\t\t\t<dd class='wp-caption-text gallery-caption' id='gallery-1-16665'>\n\t\t\t\tYURT \u0130\u00c7\u0130 YETK\u0130 BELGES\u0130\n\t\t\t\t<\/dd><\/dl><dl class='gallery-item'>\n\t\t\t<dt class='gallery-icon portrait'>\n\t\t\t\t<a data-elementor-open-lightbox=\"yes\" data-elementor-lightbox-slideshow=\"147cb79\" data-elementor-lightbox-title=\"ISO-9001\" data-e-action-hash=\"#elementor-action%3Aaction%3Dlightbox%26settings%3DeyJpZCI6MTY2NjEsInVybCI6Imh0dHBzOlwvXC9tZXJpZHllbmZhaXIuY29tXC93cC1jb250ZW50XC91cGxvYWRzXC8yMDI1XC8wMlwvSVNPLTkwMDEtMS5qcGciLCJzbGlkZXNob3ciOiIxNDdjYjc5In0%3D\" href='https:\/\/meridyenfair.com\/wp-content\/uploads\/2025\/02\/ISO-9001-1.jpg'><img loading=\"lazy\" decoding=\"async\" width=\"932\" height=\"1280\" src=\"https:\/\/meridyenfair.com\/wp-content\/uploads\/2025\/02\/ISO-9001-1.jpg\" class=\"attachment-1536x1536 size-1536x1536\" alt=\"\" aria-describedby=\"gallery-1-16661\" srcset=\"https:\/\/meridyenfair.com\/wp-content\/uploads\/2025\/02\/ISO-9001-1.jpg 932w, https:\/\/meridyenfair.com\/wp-content\/uploads\/2025\/02\/ISO-9001-1-218x300.jpg 218w, https:\/\/meridyenfair.com\/wp-content\/uploads\/2025\/02\/ISO-9001-1-583x800.jpg 583w, https:\/\/meridyenfair.com\/wp-content\/uploads\/2025\/02\/ISO-9001-1-768x1055.jpg 768w, https:\/\/meridyenfair.com\/wp-content\/uploads\/2025\/02\/ISO-9001-1-9x12.jpg 9w\" sizes=\"(max-width: 932px) 100vw, 932px\" \/><\/a>\n\t\t\t<\/dt>\n\t\t\t\t<dd class='wp-caption-text gallery-caption' id='gallery-1-16661'>\n\t\t\t\tISO 9001\n\t\t\t\t<\/dd><\/dl>\n\t\t\t<br style='clear: both' \/>\n\t\t<\/div>\n\t\t<\/div>\n\t\t\t\t<\/div>\n\t\t\t\t<\/div>\n\t\t\t\t\t<\/div>\n\t\t<\/div>\n\t\t\t\t\t\t\t<\/div>\n\t\t<\/section>\n\t\t\t\t\t\t\t<\/div>\n\t\t","protected":false},"excerpt":{"rendered":"<p>YURT \u0130\u00c7\u0130 YETK\u0130 BELGES\u0130 ISO 9001<\/p>\n","protected":false},"author":1,"featured_media":0,"parent":0,"menu_order":0,"comment_status":"closed","ping_status":"closed","template":"elementor_header_footer","meta":{"footnotes":""},"aioseo_notices":[],"_links":{"self":[{"href":"https:\/\/meridyenfair.com\/tr\/wp-json\/wp\/v2\/pages\/10698"}],"collection":[{"href":"https:\/\/meridyenfair.com\/tr\/wp-json\/wp\/v2\/pages"}],"about":[{"href":"https:\/\/meridyenfair.com\/tr\/wp-json\/wp\/v2\/types\/page"}],"author":[{"embeddable":true,"href":"https:\/\/meridyenfair.com\/tr\/wp-json\/wp\/v2\/users\/1"}],"replies":[{"embeddable":true,"href":"https:\/\/meridyenfair.com\/tr\/wp-json\/wp\/v2\/comments?post=10698"}],"version-history":[{"count":28,"href":"https:\/\/meridyenfair.com\/tr\/wp-json\/wp\/v2\/pages\/10698\/revisions"}],"predecessor-version":[{"id":16671,"href":"https:\/\/meridyenfair.com\/tr\/wp-json\/wp\/v2\/pages\/10698\/revisions\/16671"}],"wp:attachment":[{"href":"https:\/\/meridyenfair.com\/tr\/wp-json\/wp\/v2\/media?parent=10698"}],"curies":[{"name":"wp","href":"https:\/\/api.w.org\/{rel}","templated":true}]}}