{"id":9068,"date":"2023-08-31T10:55:17","date_gmt":"2023-08-31T07:55:17","guid":{"rendered":"https:\/\/meridyenfair.com\/yeni\/?page_id=9068"},"modified":"2023-08-31T11:00:09","modified_gmt":"2023-08-31T08:00:09","slug":"kalite-politikamiz","status":"publish","type":"page","link":"https:\/\/meridyenfair.com\/en\/kalite-politikamiz\/","title":{"rendered":"Quality Policies"},"content":{"rendered":"<div data-elementor-type=\"wp-page\" data-elementor-id=\"9068\" class=\"elementor elementor-9068\">\n\t\t\t\t\t\t\t\t\t<section class=\"elementor-section elementor-top-section elementor-element elementor-element-4e44074 elementor-section-boxed elementor-section-height-default elementor-section-height-default wd-section-disabled\" data-id=\"4e44074\" data-element_type=\"section\">\n\t\t\t\t\t\t<div class=\"elementor-container elementor-column-gap-default\">\n\t\t\t\t\t<div class=\"elementor-column elementor-col-100 elementor-top-column elementor-element elementor-element-99504aa\" data-id=\"99504aa\" data-element_type=\"column\">\n\t\t\t<div class=\"elementor-widget-wrap elementor-element-populated\">\n\t\t\t\t\t\t\t\t<div class=\"elementor-element elementor-element-4a90fc4 elementor-widget elementor-widget-wd_title\" data-id=\"4a90fc4\" data-element_type=\"widget\" data-widget_type=\"wd_title.default\">\n\t\t\t\t<div class=\"elementor-widget-container\">\n\t\t\t\t\t\t<link rel=\"stylesheet\" id=\"wd-section-title-css\" href=\"https:\/\/meridyenfair.com\/wp-content\/themes\/woodmart\/css\/parts\/el-section-title.min.css?ver=6.2.3\" type=\"text\/css\" media=\"all\" \/> \t\t\t\t\t<div class=\"title-wrapper set-mb-s reset-last-child wd-title-color-default wd-title-style-default wd-title-size-default text-center\">\n\n\t\t\t\n\t\t\t<div class=\"liner-continer\">\n\t\t\t\t<h4 class=\"woodmart-title-container title wd-fontsize-l\">As MER\u0130DYEN, the foundations of our Quality Policy are;<\/h4> \n\t\t\t\t\t\t\t<\/div>\n\n\t\t\t\t\t\t\t<div class=\"title-after_title set-cont-mb-s reset-last-child wd-fontsize-xs\">\n\t\t\t\t\t<p><br \/>To integrate the strong potential of our country, its strategic advantages and the great power created by our entrepreneurial human reality with the capabilities of our company, to promote the Turkish industrialists and their products more effectively in more countries, in the right markets, in the right fairs, and to serve to increase our export capacities,<\/p><p>With our experience, strong staff component, permanent customer relations, wide opportunities, dynamic organization ability and assertive identity, we want to be an organization that provides services at all levels and prevalence on international platforms.<\/p><p>To create an effective branding in the field of international fair organization, to be an \"application organization\", to increase our competitiveness,<br \/>To focus on meeting the expectations and needs of the parties we are in contact with, our customers, our employees, our partners with whom we cooperate, and the public institutions to which we are affiliated in accordance with the legislation, to deal with the relationship of interest and benefit mutually and not unilaterally,<\/p><p>With the awareness that the quality structure and productivity of our employees is one of the basic values of our organization, to maintain training and development activities that will serve the development of our employees,<\/p><p>To be the pioneer of development in our sector, to develop sectoral standards, to defend the principles of business ethics and to contribute to the formation of a culture in this direction,<\/p><p>To follow scientific and technological developments, to adapt, to be strong and permanent, to take stability as a basis for growth.<\/p>\t\t\t\t<\/div>\n\t\t\t\t\t<\/div>\n\t\t\t\t<\/div>\n\t\t\t\t<\/div>\n\t\t\t\t\t<\/div>\n\t\t<\/div>\n\t\t\t\t\t\t\t<\/div>\n\t\t<\/section>\n\t\t\t\t\t\t\t<\/div>","protected":false},"excerpt":{"rendered":"<p>MER\u0130DYEN olarak Kalite Politikam\u0131z\u0131n temellerini; \u00dclkemizin g\u00fc\u00e7l\u00fc potansiyeli, stratejik avantajlar\u0131 ve giri\u015fimci insan ger\u00e7e\u011fimizin olu\u015fturdu\u011fu b\u00fcy\u00fck g\u00fcc\u00fc firmam\u0131z\u0131n yetenekleriyle b\u00fct\u00fcnle\u015ftirerek,<\/p>","protected":false},"author":1,"featured_media":0,"parent":0,"menu_order":0,"comment_status":"closed","ping_status":"closed","template":"elementor_header_footer","meta":{"footnotes":""},"aioseo_notices":[],"_links":{"self":[{"href":"https:\/\/meridyenfair.com\/en\/wp-json\/wp\/v2\/pages\/9068"}],"collection":[{"href":"https:\/\/meridyenfair.com\/en\/wp-json\/wp\/v2\/pages"}],"about":[{"href":"https:\/\/meridyenfair.com\/en\/wp-json\/wp\/v2\/types\/page"}],"author":[{"embeddable":true,"href":"https:\/\/meridyenfair.com\/en\/wp-json\/wp\/v2\/users\/1"}],"replies":[{"embeddable":true,"href":"https:\/\/meridyenfair.com\/en\/wp-json\/wp\/v2\/comments?post=9068"}],"version-history":[{"count":4,"href":"https:\/\/meridyenfair.com\/en\/wp-json\/wp\/v2\/pages\/9068\/revisions"}],"predecessor-version":[{"id":9074,"href":"https:\/\/meridyenfair.com\/en\/wp-json\/wp\/v2\/pages\/9068\/revisions\/9074"}],"wp:attachment":[{"href":"https:\/\/meridyenfair.com\/en\/wp-json\/wp\/v2\/media?parent=9068"}],"curies":[{"name":"wp","href":"https:\/\/api.w.org\/{rel}","templated":true}]}}