{"id":18940,"date":"2026-03-25T11:06:39","date_gmt":"2026-03-25T08:06:39","guid":{"rendered":"https:\/\/meridyenfair.com\/?page_id=18940"},"modified":"2026-03-25T11:11:08","modified_gmt":"2026-03-25T08:11:08","slug":"2028-fuar-takvimi","status":"publish","type":"page","link":"https:\/\/meridyenfair.com\/en\/2028-fuar-takvimi\/","title":{"rendered":"2028 Fuar Takvimi"},"content":{"rendered":"<div data-elementor-type=\"wp-page\" data-elementor-id=\"18940\" class=\"elementor elementor-18940\">\n\t\t\t\t\t\t\t\t\t<section class=\"elementor-section elementor-top-section elementor-element elementor-element-c945b65 elementor-section-boxed elementor-section-height-default elementor-section-height-default wd-section-disabled\" data-id=\"c945b65\" data-element_type=\"section\">\n\t\t\t\t\t\t<div class=\"elementor-container elementor-column-gap-default\">\n\t\t\t\t\t<div class=\"elementor-column elementor-col-50 elementor-top-column elementor-element elementor-element-2450e22\" data-id=\"2450e22\" data-element_type=\"column\">\n\t\t\t<div class=\"elementor-widget-wrap elementor-element-populated\">\n\t\t\t\t\t\t\t\t<div class=\"elementor-element elementor-element-7389d23 elementor-invisible elementor-widget elementor-widget-wd_infobox\" data-id=\"7389d23\" data-element_type=\"widget\" data-settings=\"{&quot;_animation&quot;:&quot;bounceInDown&quot;}\" data-widget_type=\"wd_infobox.default\">\n\t\t\t\t<div class=\"elementor-widget-container\">\n\t\t\t\t\t\t<link rel=\"stylesheet\" id=\"wd-info-box-css\" href=\"https:\/\/meridyenfair.com\/wp-content\/themes\/woodmart\/css\/parts\/el-info-box.min.css?ver=6.2.3\" type=\"text\/css\" media=\"all\" \/> \t\t\t\t\t<div class=\"info-box-wrapper\">\n\t\t\t<div class=\"wd-info-box text-left box-icon-align-top box-style-bg-hover color-scheme-dark color-scheme-hover-light cursor-pointer\" onclick=\"window.location.href='https:\/\/meridyenfair.com\/yeni\/ulkelere-gore-fuar-takvimi\/'\">\n\t\t\t\t\n\t\t\t\t<div class=\"info-box-content\">\n\t\t\t\t\t\n\t\t\t\t\t\t\t\t\t\t\t<h4\t\t\t\t\t\tclass=\"info-box-title title box-title-style-default wd-fontsize-m\" data-elementor-setting-key=\"title\">\n\t\t\t\t\t\t\t\tFAIR CALENDAR BY COUNTRY\t\t\t\t\t\t<\/h4>\n\t\t\t\t\t\n\t\t\t\t\t<div class=\"info-box-inner set-cont-mb-s reset-last-child\"\n\t\t\t\t\t\t data-elementor-setting-key=\"content\">\n\t\t\t\t\t\t<p>Meridyen Fuarc\u0131l\u0131k (Meridyen Fair Organization) organizes successful fairs every year in many countries such as Spain, Poland, Algeria, Uzbekistan, Serbia, Germany, Morocco, Tunisia, England, Turkmenistan, Sweden, Belgium, Ukraine, Kosovo, Nigeria, Egypt, Bangladesh, Vietnam, Iraq and Iran, which are located in a wide range of locations from Asia to Europe, from Africa to America.<\/p>\n\t\t\t\t\t<\/div>\n\t\n\t\t\t\t\t\t\t\t\t<\/div>\n\t\t\t<\/div>\n\t\t<\/div>\n\t\t\t\t<\/div>\n\t\t\t\t<\/div>\n\t\t\t\t\t<\/div>\n\t\t<\/div>\n\t\t\t\t<div class=\"elementor-column elementor-col-50 elementor-top-column elementor-element elementor-element-4165521\" data-id=\"4165521\" data-element_type=\"column\">\n\t\t\t<div class=\"elementor-widget-wrap elementor-element-populated\">\n\t\t\t\t\t\t\t\t<div class=\"elementor-element elementor-element-65a9c1c elementor-invisible elementor-widget elementor-widget-wd_infobox\" data-id=\"65a9c1c\" data-element_type=\"widget\" data-settings=\"{&quot;_animation&quot;:&quot;bounceInDown&quot;}\" data-widget_type=\"wd_infobox.default\">\n\t\t\t\t<div class=\"elementor-widget-container\">\n\t\t\t\t\t<div class=\"info-box-wrapper\">\n\t\t\t<div class=\"wd-info-box text-left box-icon-align-top box-style-bg-hover color-scheme-dark color-scheme-hover-light cursor-pointer\" onclick=\"window.location.href='https:\/\/meridyenfair.com\/yeni\/sektorlere-gore-fuar-takvimi\/'\">\n\t\t\t\t\n\t\t\t\t<div class=\"info-box-content\">\n\t\t\t\t\t\n\t\t\t\t\t\t\t\t\t\t\t<h4\t\t\t\t\t\tclass=\"info-box-title title box-title-style-default wd-fontsize-m\" data-elementor-setting-key=\"title\">\n\t\t\t\t\t\t\t\tFAIR CALENDAR BY SECTORS\t\t\t\t\t\t<\/h4>\n\t\t\t\t\t\n\t\t\t\t\t<div class=\"info-box-inner set-cont-mb-s reset-last-child\"\n\t\t\t\t\t\t data-elementor-setting-key=\"content\">\n\t\t\t\t\t\t<p>Meridyen Fuarc\u0131l\u0131k; specializes in sectors such as building-construction, fashion, textile, home textile, furniture, machinery and industrial products, chemistry-cosmetics, shoes-leather-saddlery, household appliances and agriculture. Meridyen, which prioritizes customer satisfaction, offers \"turnkey\" services to companies from fair sales to product transportation, from stand service to tourism program.\u00a0<strong>\u201canahtar teslim\u201d hizmet sunmaktad\u0131r.<\/strong><\/p>\n\t\t\t\t\t<\/div>\n\t\n\t\t\t\t\t\t\t\t\t<\/div>\n\t\t\t<\/div>\n\t\t<\/div>\n\t\t\t\t<\/div>\n\t\t\t\t<\/div>\n\t\t\t\t\t<\/div>\n\t\t<\/div>\n\t\t\t\t\t\t\t<\/div>\n\t\t<\/section>\n\t\t\t\t<section class=\"elementor-section elementor-top-section elementor-element elementor-element-362ded6 elementor-section-boxed elementor-section-height-default elementor-section-height-default wd-section-disabled\" data-id=\"362ded6\" data-element_type=\"section\">\n\t\t\t\t\t\t<div class=\"elementor-container elementor-column-gap-default\">\n\t\t\t\t\t<div class=\"elementor-column elementor-col-100 elementor-top-column elementor-element elementor-element-aa47804\" data-id=\"aa47804\" data-element_type=\"column\">\n\t\t\t<div class=\"elementor-widget-wrap elementor-element-populated\">\n\t\t\t\t\t\t\t\t<div class=\"elementor-element elementor-element-536f89b exhibz-feature-events multievent-event-cat-bg elementor-widget elementor-widget-etn-event\" data-id=\"536f89b\" data-element_type=\"widget\" data-widget_type=\"etn-event.default\">\n\t\t\t\t<div class=\"elementor-widget-container\">\n\t\t\t<div class='etn-row etn-event-wrapper'>\n        <div class=\"etn-col-md-6 etn-col-lg-4\">\n        <div class=\"etn-event-item\">\n            <!-- thumbnail -->\n                        <div class=\"etn-event-thumb\">\n                <a \n                    href=\"https:\/\/meridyenfair.com\/en\/etn\/45-eisenwarenmesse-2028\/\" \n                    aria-label=\"2028 Fuar Takvimi\"\n                >\n                    <img loading=\"lazy\" decoding=\"async\" width=\"400\" height=\"300\" src=\"https:\/\/meridyenfair.com\/wp-content\/uploads\/2026\/03\/HIRDAVAT.jpg\" class=\"attachment-large size-large wp-post-image\" alt=\"\" srcset=\"https:\/\/meridyenfair.com\/wp-content\/uploads\/2026\/03\/HIRDAVAT.jpg 400w, https:\/\/meridyenfair.com\/wp-content\/uploads\/2026\/03\/HIRDAVAT-16x12.jpg 16w\" sizes=\"(max-width: 400px) 100vw, 400px\" \/>                <\/a>\n                <div class=\"etn-event-category\">\n                    <span>2028<\/span> <span>Germany<\/span>                 <\/div>\n                            <\/div>\n                        <!-- thumbnail start-->\n\n            <!-- content start-->\n            <div class=\"etn-event-content\">\n                                                        <div class=\"etn-event-location\"><i class=\"etn-icon etn-location\"><\/i>\n                        Germany, Cologne<\/div>\n                                                    \n                <h3 class=\"etn-title etn-event-title\"><a href=\"https:\/\/meridyenfair.com\/en\/etn\/45-eisenwarenmesse-2028\/\">\n                        45. EISENWARENMESSE 2028<\/a> <\/h3>\n                                    <p>\n                        45. EISENWARENMESSE 2028 Uluslararas\u0131 H\u0131rdavat Fuar\u0131 A\u00c7IKLAMA \u00dcLKE B\u0130LG\u0130LER\u0130 A\u00c7IKLAMA                    <\/p>\n                                \n                <div class=\"etn-event-footer\">\n                    <div class=\"etn-event-date\">\n                                    <span>\n\t\t\t\t<i class=\"etn-icon etn-calendar\"><\/i>\n                7 March 2028            <\/span>\n\t\t\t                    <\/div>\n                    <div class=\"etn-atend-btn\">\n                                                <a href=\"https:\/\/meridyenfair.com\/en\/etn\/45-eisenwarenmesse-2028\/\" class=\"etn-btn etn-btn-border\"\n                            title=\"45. EISENWARENMESSE 2028\">Attend                            <i class=\"etn-icon etm-arrow-right\"><\/i><\/a>\n                                            <\/div>\n                <\/div>\n            <\/div>\n            <!-- content end-->\n        <\/div>\n        <!-- etn event item end-->\n    <\/div>\n    <\/div>\t\t<\/div>\n\t\t\t\t<\/div>\n\t\t\t\t\t<\/div>\n\t\t<\/div>\n\t\t\t\t\t\t\t<\/div>\n\t\t<\/section>\n\t\t\t\t\t\t\t<\/div>","protected":false},"excerpt":{"rendered":"<p>\u00dcLKELERE G\u00d6RE FUAR TAKV\u0130M\u0130 Meridyen Fuarc\u0131l\u0131k, her y\u0131l \u0130spanya, Polonya, Cezayir, \u00d6zbekistan, S\u0131rbistan, Almanya, Fas, Tunus, \u0130ngiltere, T\u00fcrkmenistan, \u0130sve\u00e7, Bel\u00e7ika,<\/p>","protected":false},"author":1,"featured_media":0,"parent":0,"menu_order":0,"comment_status":"closed","ping_status":"closed","template":"elementor_header_footer","meta":{"footnotes":""},"aioseo_notices":[],"_links":{"self":[{"href":"https:\/\/meridyenfair.com\/en\/wp-json\/wp\/v2\/pages\/18940"}],"collection":[{"href":"https:\/\/meridyenfair.com\/en\/wp-json\/wp\/v2\/pages"}],"about":[{"href":"https:\/\/meridyenfair.com\/en\/wp-json\/wp\/v2\/types\/page"}],"author":[{"embeddable":true,"href":"https:\/\/meridyenfair.com\/en\/wp-json\/wp\/v2\/users\/1"}],"replies":[{"embeddable":true,"href":"https:\/\/meridyenfair.com\/en\/wp-json\/wp\/v2\/comments?post=18940"}],"version-history":[{"count":7,"href":"https:\/\/meridyenfair.com\/en\/wp-json\/wp\/v2\/pages\/18940\/revisions"}],"predecessor-version":[{"id":18948,"href":"https:\/\/meridyenfair.com\/en\/wp-json\/wp\/v2\/pages\/18940\/revisions\/18948"}],"wp:attachment":[{"href":"https:\/\/meridyenfair.com\/en\/wp-json\/wp\/v2\/media?parent=18940"}],"curies":[{"name":"wp","href":"https:\/\/api.w.org\/{rel}","templated":true}]}}